{"id":454,"date":"2023-11-22T03:42:07","date_gmt":"2023-11-22T03:42:07","guid":{"rendered":"https:\/\/smartcom.vn\/blog\/?page_id=454"},"modified":"2023-11-22T03:50:24","modified_gmt":"2023-11-22T03:50:24","slug":"dang-ky-hoc-thu","status":"publish","type":"page","link":"https:\/\/smartcom.vn\/blog\/dang-ky-hoc-thu\/","title":{"rendered":"\u0110\u0103ng k\u00fd h\u1ecdc th\u1eed"},"content":{"rendered":"<div class=\"container-1\">\n<div class=\"wpcf7 no-js\" id=\"wpcf7-f290-o1\" lang=\"vi\" dir=\"ltr\">\n<div class=\"screen-reader-response\"><p role=\"status\" aria-live=\"polite\" aria-atomic=\"true\"><\/p> <ul><\/ul><\/div>\n<form action=\"\/blog\/wp-json\/wp\/v2\/pages\/454#wpcf7-f290-o1\" method=\"post\" class=\"wpcf7-form init\" aria-label=\"Form li\u00ean h\u1ec7\" novalidate=\"novalidate\" data-status=\"init\">\n<div style=\"display: none;\">\n<input type=\"hidden\" name=\"_wpcf7\" value=\"290\" \/>\n<input type=\"hidden\" name=\"_wpcf7_version\" value=\"5.7.7\" \/>\n<input type=\"hidden\" name=\"_wpcf7_locale\" value=\"vi\" \/>\n<input type=\"hidden\" name=\"_wpcf7_unit_tag\" value=\"wpcf7-f290-o1\" \/>\n<input type=\"hidden\" name=\"_wpcf7_container_post\" value=\"0\" \/>\n<input type=\"hidden\" name=\"_wpcf7_posted_data_hash\" value=\"\" \/>\n<\/div>\n<table style=\"width: 100%; border: 2px solid #cdd0d4; background-color: #1C9FFA\">\n\t<thead>\n\t\t<tr>\n\t\t\t<td>\n\t\t\t\t<p><strong><br \/>\n<\/strong>\n\t\t\t\t<\/p>\n\t\t\t\t<p class=\"p1\" style=\"text-align: center; font-size: 18pt\"><br \/>\n\u0110\u0102NG K\u00dd T\u01af V\u1ea4N KHO\u00c1 H\u1eccC\n\t\t\t\t<\/p>\n\t\t\t<\/td>\n\t\t\t<td>\n\t\t\t\t<p><strong><br \/>\n<\/strong>\n\t\t\t\t<\/p>\n\t\t\t\t<p class=\"p1\" style=\"text-align: center; font-size: 18pt\"><br \/>\nTH\u00d4NG TIN LI\u00caN H\u1ec6\n\t\t\t\t<\/p>\n\t\t\t<\/td>\n\t\t<\/tr>\n\t<\/thead>\n\t<tbody>\n\t\t<tr>\n\t\t\t<td style=\"width:70%;\">\n\t\t\t\t<table style=\"width: 100%\">\n\t\t\t\t\t<tr>\n\t\t\t\t\t\t<div class=\"nameandemail\">\n\t\t\t\t\t\t\t<div class=\"flex-col left\" style=\"border: none\">\n\t\t\t\t\t\t\t\t<p><label><span class=\"wpcf7-form-control-wrap\" data-name=\"student-name\"><input size=\"40\" class=\"wpcf7-form-control wpcf7-text wpcf7-validates-as-required\" aria-required=\"true\" aria-invalid=\"false\" placeholder=\"H\u1ecd v\u00e0 t\u00ean h\u1ecdc sinh\" value=\"\" type=\"text\" name=\"student-name\" \/><\/span><\/label>\n\t\t\t\t\t\t\t\t<\/p>\n\t\t\t\t\t\t\t<\/div>\n\t\t\t\t\t\t\t<div class=\"flex-col right\" style=\"border: none\">\n\t\t\t\t\t\t\t\t<p><label><span class=\"wpcf7-form-control-wrap\" data-name=\"student-phone\"><input size=\"40\" class=\"wpcf7-form-control wpcf7-text wpcf7-tel wpcf7-validates-as-required wpcf7-validates-as-tel\" aria-required=\"true\" aria-invalid=\"false\" placeholder=\"S\u1ed1 \u0111i\u1ec7n tho\u1ea1i h\u1ecdc sinh\" value=\"\" type=\"tel\" name=\"student-phone\" \/><\/span><\/label>\n\t\t\t\t\t\t\t\t<\/p>\n\t\t\t\t\t\t\t<\/div>\n\t\t\t\t\t\t<\/div>\n\t\t\t\t\t<\/tr>\n\t\t\t\t\t<tr>\n\t\t\t\t\t\t<div class=\"nameandemail\">\n\t\t\t\t\t\t\t<div class=\"flex-col left\" style=\"border: none;\">\n\t\t\t\t\t\t\t\t<p><label><span class=\"wpcf7-form-control-wrap\" data-name=\"parent-name\"><input size=\"40\" class=\"wpcf7-form-control wpcf7-text wpcf7-validates-as-required\" aria-required=\"true\" aria-invalid=\"false\" placeholder=\"H\u1ecd v\u00e0 t\u00ean ph\u1ee5 huynh\" value=\"\" type=\"text\" name=\"parent-name\" \/><\/span><\/label>\n\t\t\t\t\t\t\t\t<\/p>\n\t\t\t\t\t\t\t<\/div>\n\t\t\t\t\t\t\t<div class=\"flex-col right\" style=\"border: none;\">\n\t\t\t\t\t\t\t\t<p><label><span class=\"wpcf7-form-control-wrap\" data-name=\"parent-phone\"><input size=\"40\" class=\"wpcf7-form-control wpcf7-text wpcf7-tel wpcf7-validates-as-required wpcf7-validates-as-tel\" aria-required=\"true\" aria-invalid=\"false\" placeholder=\"S\u1ed1 \u0111i\u1ec7n tho\u1ea1i ph\u1ee5 huynh\" value=\"\" type=\"tel\" name=\"parent-phone\" \/><\/span><\/label>\n\t\t\t\t\t\t\t\t<\/p>\n\t\t\t\t\t\t\t<\/div>\n\t\t\t\t\t\t<\/div>\n\t\t\t\t\t<\/tr>\n\t\t\t\t\t<tr>\n\t\t\t\t\t\t<div class=\"form-group\">\n\t\t\t\t\t\t\t<p><span class=\"wpcf7-form-control-wrap\" data-name=\"khoahoc\"><select class=\"wpcf7-form-control wpcf7-select form-control\" aria-invalid=\"false\" name=\"khoahoc\"><option value=\"H\u1ecdc th\u1eed kh\u00f3a luy\u1ec7n thi IELTS c\u01a1 b\u1ea3n ho\u1eb7c cao c\u1ea5p\">H\u1ecdc th\u1eed kh\u00f3a luy\u1ec7n thi IELTS c\u01a1 b\u1ea3n ho\u1eb7c cao c\u1ea5p<\/option><option value=\"H\u1ecdc th\u1eed kh\u00f3a Si\u00eau\n              cao th\u1ee7 IELTS 9.0\">H\u1ecdc th\u1eed kh\u00f3a Si\u00eau\n              cao th\u1ee7 IELTS 9.0<\/option><option value=\"Nh\u1eadn t\u00e0i kho\u1ea3n h\u1ecdc th\u1eed IELTS online\">Nh\u1eadn t\u00e0i kho\u1ea3n h\u1ecdc th\u1eed IELTS online<\/option><option value=\"T\u00ecm hi\u1ec3u kh\u00f3a Gi\u00e1o d\u1ee5c s\u1edbm (3 - 6 tu\u1ed5i)\">T\u00ecm hi\u1ec3u kh\u00f3a Gi\u00e1o d\u1ee5c s\u1edbm (3 - 6 tu\u1ed5i)<\/option><option value=\"T\u00ecm\n              hi\u1ec3u kh\u00f3a ti\u1ebfng Anh tr\u1ebb em Cambridge (7 - 11 tu\u1ed5i)\">T\u00ecm\n              hi\u1ec3u kh\u00f3a ti\u1ebfng Anh tr\u1ebb em Cambridge (7 - 11 tu\u1ed5i)<\/option><option value=\"T\u00ecm hi\u1ec3u kh\u00f3a IELTS cho h\u1ecdc sinh THCS\">T\u00ecm hi\u1ec3u kh\u00f3a IELTS cho h\u1ecdc sinh THCS<\/option><option value=\"T\u00ecm hi\u1ec3u kh\u00f3a\n              IELTS cho h\u1ecdc sinh THPT\">T\u00ecm hi\u1ec3u kh\u00f3a\n              IELTS cho h\u1ecdc sinh THPT<\/option><option value=\"T\u00ecm hi\u1ec3u ch\u01b0\u01a1ng tr\u00ecnh ti\u1ebfng Anh c\u00f4ng s\u1edf\">T\u00ecm hi\u1ec3u ch\u01b0\u01a1ng tr\u00ecnh ti\u1ebfng Anh c\u00f4ng s\u1edf<\/option><option value=\"T\u00ecm hi\u1ec3u g\u00f3i \u0111\u00e0o t\u1ea1o ti\u1ebfng Anh cho t\u1ed5\n              ch\u1ee9c\">T\u00ecm hi\u1ec3u g\u00f3i \u0111\u00e0o t\u1ea1o ti\u1ebfng Anh cho t\u1ed5\n              ch\u1ee9c<\/option><option value=\"\u0110\u0102NG K\u00dd THI TH\u1eec IELTS\">\u0110\u0102NG K\u00dd THI TH\u1eec IELTS<\/option><option value=\"H\u1ecdc IELTS Writing mi\u1ec5n ph\u00ed qua Zoom\">H\u1ecdc IELTS Writing mi\u1ec5n ph\u00ed qua Zoom<\/option><option value=\"Nhu c\u1ea7u kh\u00e1c\">Nhu c\u1ea7u kh\u00e1c<\/option><\/select><\/span>\n\t\t\t\t\t\t\t<\/p>\n\t\t\t\t\t\t<\/div>\n\t\t\t\t\t<\/tr>\n\t\t\t\t<\/table>\n\t\t\t<\/td>\n\t\t\t<td style=\"padding: 0px 20px; vertical-align: text-top; border-left: 1px solid #cdd0d4\">\n\t\t\t\t<p><strong><\/strong>\n\t\t\t\t<\/p>\n\t\t\t\t<p>Smartcom English\n\t\t\t\t<\/p>\n\t\t\t\t<p>Hotline: 024.22427799\n\t\t\t\t<\/p>\n\t\t\t\t<p>Zalo: 0865.568.696\n\t\t\t\t<\/p>\n\t\t\t\t<p>Email: mail@smartcom.vn\n\t\t\t\t<\/p>\n\t\t\t<\/td>\n\t\t<\/tr>\n\t\t<tr>\n\t\t\t<td colspan=\"2\">\n\t\t\t\t<div style=\"text-align: center;\">\n\t\t\t\t\t<p><input class=\"wpcf7-form-control has-spinner wpcf7-submit btn gtt\" type=\"submit\" value=\"G\u1eedi th\u00f4ng tin\" \/>\n\t\t\t\t\t<\/p>\n\t\t\t\t<\/div>\n\t\t\t<\/td>\n\t\t<\/tr>\n\t<\/tbody>\n<\/table>\n<style>\n.nameandemail {\n overflow: hidden;\n margin-bottom: 15px;\n clear: both;\n}\n\n.flex-col.left {\n float: left;\n padding: 0px 0;\n width: 48%;\n border: 1px solid #ccc;\n border-radius: 5px;\n overflow: hidden;\n}\n\n.flex-col.right {\n float: right;\n padding: 0px 0;\n width: 48%;\n border: 1px solid #ccc;\n border-radius: 5px;\n overflow: hidden;\n}\n\ninput.wpcf7-form-control.wpcf7-text {\n width: 100%;\n height: 50px;\n \/*border: 0;*\/\n padding: 5px 10px;\n text-indent: 0;\n margin: auto;\n float: none;\n display: block;\n outline: none;\n}\n\n.site-footer .wpcf7 label {\n margin: 0;\n border-radius: 5px;\n overflow: hidden;\n}\n\n.site-footer .form-group {\n margin-bottom: 15px;\n margin-top: 20px;\n border-radius: 5px;\n overflow: hidden;\n}\n\n.site-footer input.wpcf7-form-control.wpcf7-submit {\n padding: 10px 20px;\n font-size: 20px;\n font-weight: bold;\n border-radius: 5px;\n outline: none;\n background-color: #a61d31;\n border: 1px solid #a61d31;\n color: #fff;\n}\n\n.site-footer .dksubmit {\n text-align: center;\n margin-top: 30px;\n}\n<\/style><input type='hidden' class='wpcf7-pum' value='{\"closepopup\":false,\"closedelay\":0,\"openpopup\":false,\"openpopup_id\":0}' \/><div class=\"wpcf7-response-output\" aria-hidden=\"true\"><\/div>\n<\/form>\n<\/div>\n<\/div>\n<style>\n   .container-1 {  max-width: 1150px;\nmargin-top:20px;\nmargin-bottom:20px;\nwidth: 100%;\n    padding-right: 15px;\n    padding-left: 15px;\n    margin-right: auto;\n    margin-left: auto;\n}\n<\/style>\n","protected":false},"excerpt":{"rendered":"","protected":false},"author":20,"featured_media":0,"parent":0,"menu_order":0,"comment_status":"closed","ping_status":"closed","template":"","meta":{"footnotes":""},"class_list":["post-454","page","type-page","status-publish","hentry"],"yoast_head":"<!-- This site is optimized with the Yoast SEO plugin v24.6 - https:\/\/yoast.com\/wordpress\/plugins\/seo\/ -->\n<title>\u0110\u0103ng k\u00fd h\u1ecdc th\u1eed &#187; Smartcom English Blog<\/title>\n<meta name=\"robots\" content=\"index, follow, max-snippet:-1, max-image-preview:large, max-video-preview:-1\" \/>\n<link rel=\"canonical\" href=\"https:\/\/smartcom.vn\/blog\/dang-ky-hoc-thu\/\" \/>\n<meta property=\"og:locale\" content=\"vi_VN\" \/>\n<meta property=\"og:type\" content=\"article\" \/>\n<meta property=\"og:title\" content=\"\u0110\u0103ng k\u00fd h\u1ecdc th\u1eed &#187; Smartcom English Blog\" \/>\n<meta property=\"og:url\" content=\"https:\/\/smartcom.vn\/blog\/dang-ky-hoc-thu\/\" \/>\n<meta property=\"og:site_name\" content=\"Smartcom English Blog\" \/>\n<meta property=\"article:publisher\" content=\"https:\/\/facebook.com\/smartcom.vn\" \/>\n<meta property=\"article:modified_time\" content=\"2023-11-22T03:50:24+00:00\" \/>\n<meta property=\"og:image\" content=\"https:\/\/smartcom.vn\/blog\/wp-content\/uploads\/2023\/11\/sm_logo_symbol_symbol-e1699347502884.png\" \/>\n\t<meta property=\"og:image:width\" content=\"1435\" \/>\n\t<meta property=\"og:image:height\" content=\"1550\" \/>\n\t<meta property=\"og:image:type\" content=\"image\/png\" \/>\n<meta name=\"twitter:card\" content=\"summary_large_image\" \/>\n<meta name=\"twitter:label1\" content=\"\u01af\u1edbc t\u00ednh th\u1eddi gian \u0111\u1ecdc\" \/>\n\t<meta name=\"twitter:data1\" content=\"1 ph\u00fat\" \/>\n<!-- \/ Yoast SEO plugin. -->","yoast_head_json":{"title":"\u0110\u0103ng k\u00fd h\u1ecdc th\u1eed &#187; Smartcom English Blog","robots":{"index":"index","follow":"follow","max-snippet":"max-snippet:-1","max-image-preview":"max-image-preview:large","max-video-preview":"max-video-preview:-1"},"canonical":"https:\/\/smartcom.vn\/blog\/dang-ky-hoc-thu\/","og_locale":"vi_VN","og_type":"article","og_title":"\u0110\u0103ng k\u00fd h\u1ecdc th\u1eed &#187; Smartcom English Blog","og_url":"https:\/\/smartcom.vn\/blog\/dang-ky-hoc-thu\/","og_site_name":"Smartcom English Blog","article_publisher":"https:\/\/facebook.com\/smartcom.vn","article_modified_time":"2023-11-22T03:50:24+00:00","og_image":[{"width":1435,"height":1550,"url":"https:\/\/smartcom.vn\/blog\/wp-content\/uploads\/2023\/11\/sm_logo_symbol_symbol-e1699347502884.png","type":"image\/png"}],"twitter_card":"summary_large_image","twitter_misc":{"\u01af\u1edbc t\u00ednh th\u1eddi gian \u0111\u1ecdc":"1 ph\u00fat"},"schema":{"@context":"https:\/\/schema.org","@graph":[{"@type":"WebPage","@id":"https:\/\/smartcom.vn\/blog\/dang-ky-hoc-thu\/","url":"https:\/\/smartcom.vn\/blog\/dang-ky-hoc-thu\/","name":"\u0110\u0103ng k\u00fd h\u1ecdc th\u1eed &#187; Smartcom English Blog","isPartOf":{"@id":"https:\/\/smartcom.vn\/blog\/#website"},"datePublished":"2023-11-22T03:42:07+00:00","dateModified":"2023-11-22T03:50:24+00:00","breadcrumb":{"@id":"https:\/\/smartcom.vn\/blog\/dang-ky-hoc-thu\/#breadcrumb"},"inLanguage":"vi","potentialAction":[{"@type":"ReadAction","target":["https:\/\/smartcom.vn\/blog\/dang-ky-hoc-thu\/"]}]},{"@type":"BreadcrumbList","@id":"https:\/\/smartcom.vn\/blog\/dang-ky-hoc-thu\/#breadcrumb","itemListElement":[{"@type":"ListItem","position":1,"name":"Home","item":"https:\/\/smartcom.vn\/blog\/"},{"@type":"ListItem","position":2,"name":"\u0110\u0103ng k\u00fd h\u1ecdc th\u1eed"}]},{"@type":"WebSite","@id":"https:\/\/smartcom.vn\/blog\/#website","url":"https:\/\/smartcom.vn\/blog\/","name":"Smartcom English Blog","description":"","publisher":{"@id":"https:\/\/smartcom.vn\/blog\/#organization"},"potentialAction":[{"@type":"SearchAction","target":{"@type":"EntryPoint","urlTemplate":"https:\/\/smartcom.vn\/blog\/?s={search_term_string}"},"query-input":{"@type":"PropertyValueSpecification","valueRequired":true,"valueName":"search_term_string"}}],"inLanguage":"vi"},{"@type":"Organization","@id":"https:\/\/smartcom.vn\/blog\/#organization","name":"Smartcom English Blog","url":"https:\/\/smartcom.vn\/blog\/","logo":{"@type":"ImageObject","inLanguage":"vi","@id":"https:\/\/smartcom.vn\/blog\/#\/schema\/logo\/image\/","url":"https:\/\/smartcom.vn\/blog\/wp-content\/uploads\/2023\/11\/sm_logo_symbol_symbol-e1699347502884.png","contentUrl":"https:\/\/smartcom.vn\/blog\/wp-content\/uploads\/2023\/11\/sm_logo_symbol_symbol-e1699347502884.png","width":1435,"height":1550,"caption":"Smartcom English Blog"},"image":{"@id":"https:\/\/smartcom.vn\/blog\/#\/schema\/logo\/image\/"},"sameAs":["https:\/\/facebook.com\/smartcom.vn"]}]}},"_links":{"self":[{"href":"https:\/\/smartcom.vn\/blog\/wp-json\/wp\/v2\/pages\/454","targetHints":{"allow":["GET"]}}],"collection":[{"href":"https:\/\/smartcom.vn\/blog\/wp-json\/wp\/v2\/pages"}],"about":[{"href":"https:\/\/smartcom.vn\/blog\/wp-json\/wp\/v2\/types\/page"}],"author":[{"embeddable":true,"href":"https:\/\/smartcom.vn\/blog\/wp-json\/wp\/v2\/users\/20"}],"replies":[{"embeddable":true,"href":"https:\/\/smartcom.vn\/blog\/wp-json\/wp\/v2\/comments?post=454"}],"version-history":[{"count":8,"href":"https:\/\/smartcom.vn\/blog\/wp-json\/wp\/v2\/pages\/454\/revisions"}],"predecessor-version":[{"id":462,"href":"https:\/\/smartcom.vn\/blog\/wp-json\/wp\/v2\/pages\/454\/revisions\/462"}],"wp:attachment":[{"href":"https:\/\/smartcom.vn\/blog\/wp-json\/wp\/v2\/media?parent=454"}],"curies":[{"name":"wp","href":"https:\/\/api.w.org\/{rel}","templated":true}]}}